{"id":152,"date":"2024-02-12T13:42:50","date_gmt":"2024-02-12T13:42:50","guid":{"rendered":"https:\/\/2024.ouwan.ch\/?page_id=152"},"modified":"2024-03-11T08:20:57","modified_gmt":"2024-03-11T08:20:57","slug":"152-2","status":"publish","type":"page","link":"https:\/\/2024.ouwan.ch\/","title":{"rendered":"Digital<br>Marketing"},"content":{"rendered":"\n<h6 class=\"wp-block-heading\">Konzepte und Werbeinhalte.<\/h6>\n\n\n\n<p><\/p>\n\n\n\n<p><\/p>\n\n\n\n<div class=\"wp-block-blocksy-query\"><div class=\"entries columns-3 wp-block-blocksy-post-template is-layout-grid wp-container-blocksy-post-template-is-layout-6d3fbd8f wp-block-blocksy-post-template-is-layout-grid\"><article class=\"wp-block-post post-141 post type-post status-publish format-standard has-post-thumbnail hentry category-uncategorized\">\n\n<div class=\"wp-block-group is-vertical is-content-justification-left is-layout-flex wp-container-core-group-is-layout-2290e706 wp-block-group-is-layout-flex\" style=\"min-height:100%\"><figure style=\"aspect-ratio: auto; margin-bottom:0;\" class=\"ct-dynamic-media wp-block-image\"><a href=\"https:\/\/2024.ouwan.ch\/?p=141\" ><img loading=\"lazy\" decoding=\"async\" width=\"1387\" height=\"1424\" src=\"https:\/\/2024.ouwan.ch\/wp-content\/uploads\/2024\/02\/polaroid.png\" class=\"attachment-full size-full\" alt=\"\" style=\"width:100%;height:100%;object-fit: cover;\" srcset=\"https:\/\/2024.ouwan.ch\/wp-content\/uploads\/2024\/02\/polaroid.png 1387w, https:\/\/2024.ouwan.ch\/wp-content\/uploads\/2024\/02\/polaroid-768x788.png 768w, https:\/\/2024.ouwan.ch\/wp-content\/uploads\/2024\/02\/polaroid-997x1024.png 997w, https:\/\/2024.ouwan.ch\/wp-content\/uploads\/2024\/02\/polaroid-292x300.png 292w\" sizes=\"auto, (max-width: 1387px) 100vw, 1387px\" \/><\/a><\/figure>\n\n\n<div class=\"wp-block-group has-palette-color-8-background-color has-background wp-container-content-9cfa9a5a is-layout-constrained wp-block-group-is-layout-constrained\" style=\"min-height:100%\"><h2 style=\"font-size:clamp(14px, 0.875rem + ((1vw - 3.2px) * 0.313), 18px);\" class=\"ct-dynamic-data\"><a href=\"https:\/\/2024.ouwan.ch\/?p=141\"  >Webtechnik<\/a><\/h2>\n\n<div style=\"font-style:normal;font-weight:500;text-transform:uppercase;\" class=\"ct-dynamic-data has-small-font-size\">12. Februar 2024<\/div>\n\n<div class=\"ct-dynamic-data\"><p>F\u00fcr kleine und mittlere Unternehmen, K\u00fcnstler oder Handwerker lohnt sich eine kundenspezifische Webseite nicht zwingend. Eine Webseite soll nicht eine\u2026<\/p>\n<\/div><\/div>\n<\/div>\n\n<\/article><article class=\"wp-block-post post-122 post type-post status-publish format-standard has-post-thumbnail hentry category-uncategorized\">\n\n<div class=\"wp-block-group is-vertical is-content-justification-left is-layout-flex wp-container-core-group-is-layout-2290e706 wp-block-group-is-layout-flex\" style=\"min-height:100%\"><figure style=\"aspect-ratio: auto; margin-bottom:0;\" class=\"ct-dynamic-media wp-block-image\"><a href=\"https:\/\/2024.ouwan.ch\/?p=122\" ><img loading=\"lazy\" decoding=\"async\" width=\"1280\" height=\"1178\" src=\"https:\/\/2024.ouwan.ch\/wp-content\/uploads\/2024\/02\/casal-1818171_1280.png\" class=\"attachment-full size-full\" alt=\"\" style=\"width:100%;height:100%;object-fit: cover;\" srcset=\"https:\/\/2024.ouwan.ch\/wp-content\/uploads\/2024\/02\/casal-1818171_1280.png 1280w, https:\/\/2024.ouwan.ch\/wp-content\/uploads\/2024\/02\/casal-1818171_1280-768x707.png 768w, https:\/\/2024.ouwan.ch\/wp-content\/uploads\/2024\/02\/casal-1818171_1280-1024x942.png 1024w, https:\/\/2024.ouwan.ch\/wp-content\/uploads\/2024\/02\/casal-1818171_1280-300x276.png 300w\" sizes=\"auto, (max-width: 1280px) 100vw, 1280px\" \/><\/a><\/figure>\n\n\n<div class=\"wp-block-group has-palette-color-8-background-color has-background wp-container-content-9cfa9a5a is-layout-constrained wp-block-group-is-layout-constrained\" style=\"min-height:100%\"><h2 style=\"font-size:clamp(14px, 0.875rem + ((1vw - 3.2px) * 0.313), 18px);\" class=\"ct-dynamic-data\"><a href=\"https:\/\/2024.ouwan.ch\/?p=122\"  >Werbung und KI<\/a><\/h2>\n\n<div style=\"font-style:normal;font-weight:500;text-transform:uppercase;\" class=\"ct-dynamic-data has-small-font-size\">11. Februar 2024<\/div>\n\n<div class=\"ct-dynamic-data\"><p>Die Verwendung von k\u00fcnstlicher Intelligenz (KI) in der Werbung bietet eine Vielzahl von Vorteilen: Insgesamt kann die Integration von KI\u2026<\/p>\n<\/div><\/div>\n<\/div>\n\n<\/article><article class=\"wp-block-post post-120 post type-post status-publish format-standard hentry category-uncategorized\">\n\n<div class=\"wp-block-group is-vertical is-content-justification-left is-layout-flex wp-container-core-group-is-layout-2290e706 wp-block-group-is-layout-flex\" style=\"min-height:100%\"><figure style=\"aspect-ratio: auto; margin-bottom:0;\" class=\"ct-dynamic-media wp-block-image\"><a href=\"https:\/\/2024.ouwan.ch\/?p=120\" ><\/a><\/figure>\n\n\n<div class=\"wp-block-group has-palette-color-8-background-color has-background wp-container-content-9cfa9a5a is-layout-constrained wp-block-group-is-layout-constrained\" style=\"min-height:100%\"><h2 style=\"font-size:clamp(14px, 0.875rem + ((1vw - 3.2px) * 0.313), 18px);\" class=\"ct-dynamic-data\"><a href=\"https:\/\/2024.ouwan.ch\/?p=120\"  >Kurzclips<\/a><\/h2>\n\n<div style=\"font-style:normal;font-weight:500;text-transform:uppercase;\" class=\"ct-dynamic-data has-small-font-size\">11. Februar 2024<\/div>\n\n<div class=\"ct-dynamic-data\"><p>Erwecke deine Ideen zum Leben mit meinen Kurzclips! Egal ob f\u00fcr Erkl\u00e4rungen, Werbezwecke oder Dokumentationen, meine Clips sind die perfekte\u2026<\/p>\n<\/div><\/div>\n<\/div>\n\n<\/article><article class=\"wp-block-post post-118 post type-post status-publish format-standard hentry category-uncategorized\">\n\n<div class=\"wp-block-group is-vertical is-content-justification-left is-layout-flex wp-container-core-group-is-layout-2290e706 wp-block-group-is-layout-flex\" style=\"min-height:100%\"><figure style=\"aspect-ratio: auto; margin-bottom:0;\" class=\"ct-dynamic-media wp-block-image\"><a href=\"https:\/\/2024.ouwan.ch\/?p=118\" ><\/a><\/figure>\n\n\n<div class=\"wp-block-group has-palette-color-8-background-color has-background wp-container-content-9cfa9a5a is-layout-constrained wp-block-group-is-layout-constrained\" style=\"min-height:100%\"><h2 style=\"font-size:clamp(14px, 0.875rem + ((1vw - 3.2px) * 0.313), 18px);\" class=\"ct-dynamic-data\"><a href=\"https:\/\/2024.ouwan.ch\/?p=118\"  >Webkonzepte<\/a><\/h2>\n\n<div style=\"font-style:normal;font-weight:500;text-transform:uppercase;\" class=\"ct-dynamic-data has-small-font-size\">11. Februar 2024<\/div>\n\n<div class=\"ct-dynamic-data\"><p>Webkonzepte sind entscheidend bei der Entwicklung von Websites. Als erfahrener Webentwickler mit umfangreicher Kenntnis in der Erstellung zahlreicher Websites kennst\u2026<\/p>\n<\/div><\/div>\n<\/div>\n\n<\/article><article class=\"wp-block-post post-98 post type-post status-publish format-standard has-post-thumbnail hentry category-uncategorized\">\n\n<div class=\"wp-block-group is-vertical is-content-justification-left is-layout-flex wp-container-core-group-is-layout-2290e706 wp-block-group-is-layout-flex\" style=\"min-height:100%\"><figure style=\"aspect-ratio: auto; margin-bottom:0;\" class=\"ct-dynamic-media wp-block-image\"><a href=\"https:\/\/2024.ouwan.ch\/?p=98\" ><img loading=\"lazy\" decoding=\"async\" width=\"1231\" height=\"1016\" src=\"https:\/\/2024.ouwan.ch\/wp-content\/uploads\/2024\/02\/typewriter.png\" class=\"attachment-full size-full\" alt=\"\" style=\"width:100%;height:100%;object-fit: cover;\" srcset=\"https:\/\/2024.ouwan.ch\/wp-content\/uploads\/2024\/02\/typewriter.png 1231w, https:\/\/2024.ouwan.ch\/wp-content\/uploads\/2024\/02\/typewriter-768x634.png 768w, https:\/\/2024.ouwan.ch\/wp-content\/uploads\/2024\/02\/typewriter-1024x845.png 1024w, https:\/\/2024.ouwan.ch\/wp-content\/uploads\/2024\/02\/typewriter-300x248.png 300w\" sizes=\"auto, (max-width: 1231px) 100vw, 1231px\" \/><\/a><\/figure>\n\n\n<div class=\"wp-block-group has-palette-color-8-background-color has-background wp-container-content-9cfa9a5a is-layout-constrained wp-block-group-is-layout-constrained\" style=\"min-height:100%\"><h2 style=\"font-size:clamp(14px, 0.875rem + ((1vw - 3.2px) * 0.313), 18px);\" class=\"ct-dynamic-data\"><a href=\"https:\/\/2024.ouwan.ch\/?p=98\"  >Texte<\/a><\/h2>\n\n<div style=\"font-style:normal;font-weight:500;text-transform:uppercase;\" class=\"ct-dynamic-data has-small-font-size\">11. Februar 2024<\/div>\n\n<div class=\"ct-dynamic-data\"><p>Als kreativer Texter mit einem innovativen Ansatz und dem Einsatz von KI kreiere ich einzigartige und wirkungsvolle Inhalte. Mein Fokus\u2026<\/p>\n<\/div><\/div>\n<\/div>\n\n<\/article><article class=\"wp-block-post post-95 post type-post status-publish format-standard has-post-thumbnail hentry category-uncategorized\">\n\n<div class=\"wp-block-group is-vertical is-content-justification-left is-layout-flex wp-container-core-group-is-layout-2290e706 wp-block-group-is-layout-flex\" style=\"min-height:100%\"><figure style=\"aspect-ratio: auto; margin-bottom:0;\" class=\"ct-dynamic-media wp-block-image\"><a href=\"https:\/\/2024.ouwan.ch\/?p=95\" ><img loading=\"lazy\" decoding=\"async\" width=\"593\" height=\"781\" src=\"https:\/\/2024.ouwan.ch\/wp-content\/uploads\/2024\/02\/sign-1.png\" class=\"attachment-full size-full\" alt=\"\" style=\"width:100%;height:100%;object-fit: cover;\" srcset=\"https:\/\/2024.ouwan.ch\/wp-content\/uploads\/2024\/02\/sign-1.png 593w, https:\/\/2024.ouwan.ch\/wp-content\/uploads\/2024\/02\/sign-1-228x300.png 228w\" sizes=\"auto, (max-width: 593px) 100vw, 593px\" \/><\/a><\/figure>\n\n\n<div class=\"wp-block-group has-palette-color-8-background-color has-background wp-container-content-9cfa9a5a is-layout-constrained wp-block-group-is-layout-constrained\" style=\"min-height:100%\"><h2 style=\"font-size:clamp(14px, 0.875rem + ((1vw - 3.2px) * 0.313), 18px);\" class=\"ct-dynamic-data\"><a href=\"https:\/\/2024.ouwan.ch\/?p=95\"  >Typografie und Beschriftung<\/a><\/h2>\n\n<div style=\"font-style:normal;font-weight:500;text-transform:uppercase;\" class=\"ct-dynamic-data has-small-font-size\">11. Februar 2024<\/div>\n\n<div class=\"ct-dynamic-data\"><p>Als Grafikdesigner mit einer Ausbildung in der Typografie und Lehrzeit bei einem traditionellen Typografen verf\u00fcge ich \u00fcber ein tiefes Verst\u00e4ndnis\u2026<\/p>\n<\/div><\/div>\n<\/div>\n\n<\/article><article class=\"wp-block-post post-93 post type-post status-publish format-standard has-post-thumbnail hentry category-uncategorized\">\n\n<div class=\"wp-block-group is-vertical is-content-justification-left is-layout-flex wp-container-core-group-is-layout-2290e706 wp-block-group-is-layout-flex\" style=\"min-height:100%\"><figure style=\"aspect-ratio: auto; margin-bottom:0;\" class=\"ct-dynamic-media wp-block-image\"><a href=\"https:\/\/2024.ouwan.ch\/?p=93\" ><img loading=\"lazy\" decoding=\"async\" width=\"400\" height=\"600\" src=\"https:\/\/2024.ouwan.ch\/wp-content\/uploads\/2024\/02\/graikc.png\" class=\"attachment-full size-full\" alt=\"\" style=\"width:100%;height:100%;object-fit: cover;\" srcset=\"https:\/\/2024.ouwan.ch\/wp-content\/uploads\/2024\/02\/graikc.png 400w, https:\/\/2024.ouwan.ch\/wp-content\/uploads\/2024\/02\/graikc-200x300.png 200w\" sizes=\"auto, (max-width: 400px) 100vw, 400px\" \/><\/a><\/figure>\n\n\n<div class=\"wp-block-group has-palette-color-8-background-color has-background wp-container-content-9cfa9a5a is-layout-constrained wp-block-group-is-layout-constrained\" style=\"min-height:100%\"><h2 style=\"font-size:clamp(14px, 0.875rem + ((1vw - 3.2px) * 0.313), 18px);\" class=\"ct-dynamic-data\"><a href=\"https:\/\/2024.ouwan.ch\/?p=93\"  >Grafik<\/a><\/h2>\n\n<div style=\"font-style:normal;font-weight:500;text-transform:uppercase;\" class=\"ct-dynamic-data has-small-font-size\">11. Februar 2024<\/div>\n\n<div class=\"ct-dynamic-data\"><p>Als Grafikdesigner biete ich professionelle Dienstleistungen in der Umsetzung von Corporate Identity (CI)-Vorlagen, Farbkonzepten und Vektorgrafiken an. Mit einem tiefen\u2026<\/p>\n<\/div><\/div>\n<\/div>\n\n<\/article><\/div><\/div>\n","protected":false},"excerpt":{"rendered":"<p>Konzepte und Werbeinhalte.<\/p>\n","protected":false},"author":1,"featured_media":236,"parent":0,"menu_order":0,"comment_status":"closed","ping_status":"closed","template":"","meta":{"footnotes":""},"class_list":["post-152","page","type-page","status-publish","has-post-thumbnail","hentry"],"blocksy_meta":[],"_links":{"self":[{"href":"https:\/\/2024.ouwan.ch\/index.php?rest_route=\/wp\/v2\/pages\/152","targetHints":{"allow":["GET"]}}],"collection":[{"href":"https:\/\/2024.ouwan.ch\/index.php?rest_route=\/wp\/v2\/pages"}],"about":[{"href":"https:\/\/2024.ouwan.ch\/index.php?rest_route=\/wp\/v2\/types\/page"}],"author":[{"embeddable":true,"href":"https:\/\/2024.ouwan.ch\/index.php?rest_route=\/wp\/v2\/users\/1"}],"replies":[{"embeddable":true,"href":"https:\/\/2024.ouwan.ch\/index.php?rest_route=%2Fwp%2Fv2%2Fcomments&post=152"}],"version-history":[{"count":12,"href":"https:\/\/2024.ouwan.ch\/index.php?rest_route=\/wp\/v2\/pages\/152\/revisions"}],"predecessor-version":[{"id":239,"href":"https:\/\/2024.ouwan.ch\/index.php?rest_route=\/wp\/v2\/pages\/152\/revisions\/239"}],"wp:featuredmedia":[{"embeddable":true,"href":"https:\/\/2024.ouwan.ch\/index.php?rest_route=\/wp\/v2\/media\/236"}],"wp:attachment":[{"href":"https:\/\/2024.ouwan.ch\/index.php?rest_route=%2Fwp%2Fv2%2Fmedia&parent=152"}],"curies":[{"name":"wp","href":"https:\/\/api.w.org\/{rel}","templated":true}]}}